{"id":1547,"date":"2023-07-24T14:11:52","date_gmt":"2023-07-24T14:11:52","guid":{"rendered":"https:\/\/eudaldferre.cat\/politica-de-privacidad\/"},"modified":"2023-07-24T15:22:45","modified_gmt":"2023-07-24T15:22:45","slug":"politica-de-privacidad","status":"publish","type":"page","link":"https:\/\/eudaldferre.cat\/es\/politica-de-privacidad\/","title":{"rendered":"Pol\u00edtica de privacidad"},"content":{"rendered":"\t\t<div data-elementor-type=\"wp-page\" data-elementor-id=\"1547\" class=\"elementor elementor-1547 elementor-1435\" data-elementor-post-type=\"page\">\n\t\t\t\t\t\t<section class=\"elementor-section elementor-top-section elementor-element elementor-element-5979701 elementor-section-height-min-height elementor-section-content-middle elementor-section-boxed elementor-section-height-default elementor-section-items-middle\" data-id=\"5979701\" data-element_type=\"section\" data-e-type=\"section\" data-settings=\"{&quot;background_background&quot;:&quot;classic&quot;}\">\n\t\t\t\t\t\t<div class=\"elementor-container elementor-column-gap-default\">\n\t\t\t\t\t<div class=\"elementor-column elementor-col-100 elementor-top-column elementor-element elementor-element-5e13acc\" data-id=\"5e13acc\" data-element_type=\"column\" data-e-type=\"column\">\n\t\t\t<div class=\"elementor-widget-wrap elementor-element-populated\">\n\t\t\t\t\t\t<div class=\"elementor-element elementor-element-3540b7b elementor-widget elementor-widget-heading\" data-id=\"3540b7b\" data-element_type=\"widget\" data-e-type=\"widget\" data-widget_type=\"heading.default\">\n\t\t\t\t<div class=\"elementor-widget-container\">\n\t\t\t\t\t<h1 class=\"elementor-heading-title elementor-size-default\">Pol\u00edtica de privacidad<\/h1>\t\t\t\t<\/div>\n\t\t\t\t<\/div>\n\t\t\t\t\t<\/div>\n\t\t<\/div>\n\t\t\t\t\t<\/div>\n\t\t<\/section>\n\t\t\t\t<section class=\"elementor-section elementor-top-section elementor-element elementor-element-bc19d7c elementor-section-boxed elementor-section-height-default elementor-section-height-default\" data-id=\"bc19d7c\" data-element_type=\"section\" data-e-type=\"section\">\n\t\t\t\t\t\t<div class=\"elementor-container elementor-column-gap-default\">\n\t\t\t\t\t<div class=\"elementor-column elementor-col-100 elementor-top-column elementor-element elementor-element-debf79d\" data-id=\"debf79d\" data-element_type=\"column\" data-e-type=\"column\">\n\t\t\t<div class=\"elementor-widget-wrap elementor-element-populated\">\n\t\t\t\t\t\t<div class=\"elementor-element elementor-element-4fa2eaf elementor-widget elementor-widget-text-editor\" data-id=\"4fa2eaf\" data-element_type=\"widget\" data-e-type=\"widget\" data-widget_type=\"text-editor.default\">\n\t\t\t\t<div class=\"elementor-widget-container\">\n\t\t\t\t\t\t\t\t\t<p>De acuerdo con el Reglamento Europeo 2016\/679 general de protecci\u00f3n de datos (GDRP); la Ley 34\/2002, de 11 de julio, de servicios de la sociedad de la informaci\u00f3n y comercio electr\u00f3nico; Ley Org\u00e1nica 15\/1999, de 13 de diciembre, de Protecci\u00f3n de Datos de Car\u00e1cter Personal, Real Decreto 1720\/2007, de 21 de diciembre, y Ley Org\u00e1nica 3\/2018, de 5 de diciembre, de Protecci\u00f3n de Datos Personales y garant\u00eda de su informaci\u00f3n de forma expresa. Los datos recabados a trav\u00e9s de los formularios de recogida de datos del sitio web u otras v\u00edas ser\u00e1n incorporados a un archivo de datos de car\u00e1cter personal debidamente inscrito en el Registro General de Protecci\u00f3n de Datos de la Agencia Espa\u00f1ola de Protecci\u00f3n de Datos y en el Registro interno de actividades del tratamiento, del que es responsable EUDALD FERR\u00c9 SERRA. Esta entidad tratar\u00e1 los datos de forma confidencial y exclusivamente con el fin de ofrecer los servicios solicitados, con todas las garant\u00edas legales y de seguridad EUDALD FERR\u00c9 SERRA se compromete a: no ceder, vender, ni compartir los datos con terceros sin su aprobaci\u00f3n expresa, a no utilizar estos datos para realizar an\u00e1lisis de perfiles (decisiones individualizadas). Asimismo, EUDALD FERR\u00c9 SERRA cancelar\u00e1 o rectificar\u00e1 los datos cuando resulten inexactos, incompletos o hayan dejado de ser necesarios o pertinentes para su finalidad, de conformidad con lo previsto en la normativa indicada. El usuario podr\u00e1 revocar el consentimiento prestado y ejercer los derechos de acceso, rectificaci\u00f3n, cancelaci\u00f3n, supresi\u00f3n, portabilidad y oposici\u00f3n dirigi\u00e9ndose por escrito a: EUDALD FERR\u00c9 SERRA., Carrera de Montblanc Km. rce. EUDALD FERR\u00c9 SERRA adopta los niveles de seguridad correspondientes requeridos por la citada Ley Org\u00e1nica 15\/1999 y dem\u00e1s normativa aplicable. No obstante, no asume responsabilidad alguna por los da\u00f1os y perjuicios derivados de alteraciones que terceros pueden causar en los sistemas inform\u00e1ticos, documentos electr\u00f3nicos o ficheros del usuario. 5.1. Pol\u00edtica de privacidad y protecci\u00f3n de datos para formularios de contacto De acuerdo con lo que establece la Ley Org\u00e1nica 15\/1999, de 13 de diciembre, de Protecci\u00f3n de Datos de Car\u00e1cter Personal (LOPD), consiento que los datos facilitados en el formulario sean incorporados a un fichero del que es titular EUDALD FERR\u00c9 SERRA con el fin de: -La tramitaci\u00f3n y gesti\u00f3n de la solicitud de informaci\u00f3n, contrato o precontrato realizado por el usuario mediante esta web, tel\u00e9fono, correo postal o correo electr\u00f3nico. -La gesti\u00f3n y control peri\u00f3dico de los servicios ofrecidos ofrecidos por los medios antes mencionados. -El env\u00edo de informaci\u00f3n comercial sobre servicios y productos de EUDALD FERR\u00c9 SERRA, empresas del grupo y filiales pudieran ofrecer al usuario de esta web. La cumplimentaci\u00f3n de todos los datos personales facilitados es totalmente voluntaria, pero necesaria para la gesti\u00f3n de su solicitud y el usuario se hace responsable sobre su veracidad y exactitud. El usuario consiente que mis datos puedan ser cedidos, exclusivamente para los fines indicados anteriormente, a otras entidades pertenecientes al grupo de empresas de EUDALD FERR\u00c9 SERRA, filiales y participadas, as\u00ed como a otras personas f\u00edsicas o jur\u00eddicas que, asimismo, desarrollen cualquiera de las actividades referidas y con las que las diferentes entidades de las empresas antes mencionadas. Todo esto tanto si se formalizara o no ninguna operaci\u00f3n. Asimismo, el usuario declara haber sido informado de la posibilidad de ejercer los derechos de acceso, rectificaci\u00f3n, supresi\u00f3n, limitaci\u00f3n del tratamiento, portabilidad de los datos, oposici\u00f3n, si no es objeto de decisiones individuales y automatizadas de mis datos, mediante comunicaci\u00f3n escrita dirigida a: EUDALD FERR\u00c9 SERRA, Carrera de Montblanc Km. (RF. LOPD), identific\u00e1ndome debidamente. Si prefiere no recibir estos mensajes por correo electr\u00f3nico le ofreceremos a trav\u00e9s de ellos la posibilidad de ejercer su derecho de cancelaci\u00f3n y renuncia a la recepci\u00f3n de estos mensajes, de conformidad con lo dispuesto en el T\u00edtulo III, art\u00edculo 22 de la Ley 34<\/p>\n\t\t\t\t\t\t\t\t<\/div>\n\t\t\t\t<\/div>\n\t\t\t\t\t<\/div>\n\t\t<\/div>\n\t\t\t\t\t<\/div>\n\t\t<\/section>\n\t\t\t\t<\/div>\n\t\t","protected":false},"excerpt":{"rendered":"<p>Pol\u00edtica de privacidad De acuerdo con el Reglamento Europeo 2016\/679 general de protecci\u00f3n de datos (GDRP); la Ley 34\/2002, de 11 de julio, de servicios de la sociedad de la informaci\u00f3n y comercio electr\u00f3nico; Ley Org\u00e1nica 15\/1999, de 13 de diciembre, de Protecci\u00f3n de Datos de Car\u00e1cter Personal, Real Decreto 1720\/2007, de 21 de diciembre, [&hellip;]<\/p>\n","protected":false},"author":1,"featured_media":0,"parent":0,"menu_order":0,"comment_status":"closed","ping_status":"closed","template":"","meta":{"footnotes":""},"class_list":["post-1547","page","type-page","status-publish","hentry"],"_links":{"self":[{"href":"https:\/\/eudaldferre.cat\/es\/wp-json\/wp\/v2\/pages\/1547","targetHints":{"allow":["GET"]}}],"collection":[{"href":"https:\/\/eudaldferre.cat\/es\/wp-json\/wp\/v2\/pages"}],"about":[{"href":"https:\/\/eudaldferre.cat\/es\/wp-json\/wp\/v2\/types\/page"}],"author":[{"embeddable":true,"href":"https:\/\/eudaldferre.cat\/es\/wp-json\/wp\/v2\/users\/1"}],"replies":[{"embeddable":true,"href":"https:\/\/eudaldferre.cat\/es\/wp-json\/wp\/v2\/comments?post=1547"}],"version-history":[{"count":2,"href":"https:\/\/eudaldferre.cat\/es\/wp-json\/wp\/v2\/pages\/1547\/revisions"}],"predecessor-version":[{"id":1550,"href":"https:\/\/eudaldferre.cat\/es\/wp-json\/wp\/v2\/pages\/1547\/revisions\/1550"}],"wp:attachment":[{"href":"https:\/\/eudaldferre.cat\/es\/wp-json\/wp\/v2\/media?parent=1547"}],"curies":[{"name":"wp","href":"https:\/\/api.w.org\/{rel}","templated":true}]}}