{"id":1544,"date":"2023-07-24T14:12:03","date_gmt":"2023-07-24T14:12:03","guid":{"rendered":"https:\/\/eudaldferre.cat\/aviso-legal\/"},"modified":"2023-07-24T15:19:38","modified_gmt":"2023-07-24T15:19:38","slug":"aviso-legal","status":"publish","type":"page","link":"https:\/\/eudaldferre.cat\/es\/aviso-legal\/","title":{"rendered":"Aviso legal"},"content":{"rendered":"\t\t<div data-elementor-type=\"wp-page\" data-elementor-id=\"1544\" class=\"elementor elementor-1544 elementor-1437\" data-elementor-post-type=\"page\">\n\t\t\t\t\t\t<section class=\"elementor-section elementor-top-section elementor-element elementor-element-83dcda4 elementor-section-height-min-height elementor-section-boxed elementor-section-height-default elementor-section-items-middle\" data-id=\"83dcda4\" data-element_type=\"section\" data-settings=\"{&quot;background_background&quot;:&quot;classic&quot;}\">\n\t\t\t\t\t\t<div class=\"elementor-container elementor-column-gap-default\">\n\t\t\t\t\t<div class=\"elementor-column elementor-col-100 elementor-top-column elementor-element elementor-element-b39ade7\" data-id=\"b39ade7\" data-element_type=\"column\">\n\t\t\t<div class=\"elementor-widget-wrap elementor-element-populated\">\n\t\t\t\t\t\t<div class=\"elementor-element elementor-element-c939923 elementor-widget elementor-widget-heading\" data-id=\"c939923\" data-element_type=\"widget\" data-widget_type=\"heading.default\">\n\t\t\t\t<div class=\"elementor-widget-container\">\n\t\t\t\t\t<h1 class=\"elementor-heading-title elementor-size-default\">Aviso legal<\/h1>\t\t\t\t<\/div>\n\t\t\t\t<\/div>\n\t\t\t\t\t<\/div>\n\t\t<\/div>\n\t\t\t\t\t<\/div>\n\t\t<\/section>\n\t\t\t\t<section class=\"elementor-section elementor-top-section elementor-element elementor-element-b1547dc elementor-section-boxed elementor-section-height-default elementor-section-height-default\" data-id=\"b1547dc\" data-element_type=\"section\">\n\t\t\t\t\t\t<div class=\"elementor-container elementor-column-gap-default\">\n\t\t\t\t\t<div class=\"elementor-column elementor-col-100 elementor-top-column elementor-element elementor-element-8cf480a\" data-id=\"8cf480a\" data-element_type=\"column\">\n\t\t\t<div class=\"elementor-widget-wrap elementor-element-populated\">\n\t\t\t\t\t\t<div class=\"elementor-element elementor-element-928c92f elementor-widget elementor-widget-text-editor\" data-id=\"928c92f\" data-element_type=\"widget\" data-widget_type=\"text-editor.default\">\n\t\t\t\t<div class=\"elementor-widget-container\">\n\t\t\t\t\t\t\t\t\t<p>Esta web ha sido creada por Eudald Ferr\u00e9 Serra.<\/p>\n<p>El usuario se obliga a hacer un uso correcto del sitio web de conformidad con las leyes, la buena fe, el orden p\u00fablico, los usos del tr\u00e1fico y el presente Aviso Legal. El usuario responder\u00e1 ante Eudald Ferr\u00e9 Serra o frente a terceros de cualquier da\u00f1os y perjuicios que pudieran causarse como consecuencia del incumplimiento de esta obligaci\u00f3n.<br \/>El hecho de acceder a esta web implica el conocimiento y aceptaci\u00f3n de los siguientes t\u00e9rminos y condiciones:<\/p>\n<ol>\n<li><strong> Titularidad de la p\u00e1gina web<\/strong><br \/>Denominaci\u00f3n social: Eudald Ferr\u00e9 Serra<br \/>DNI: 39700047T <br \/>Domicilio social: Carrera de Montblanc Km 22 <br \/>Tel\u00e9fono de contacto: +34 607 99 02 65 <br \/>Direcci\u00f3n de correo electr\u00f3nico: eudaldf@gmail.com<\/li>\n<li><strong> Propiedad intelectual de la web<\/strong><br \/>Todos los derechos de propiedad intelectual del contenido de esta web y su dise\u00f1o gr\u00e1fico son propiedad exclusiva de Eudald Ferr\u00e9 Serra<br \/>o de terceros que han autorizado el uso de estos contenidos a Eudald Ferr\u00e9 Serra<br \/>, que es a quien corresponde el ejercicio exclusivo de los derechos de explotaci\u00f3n de los mismos. Por tanto, queda prohibida su reproducci\u00f3n, distribuci\u00f3n, comunicaci\u00f3n p\u00fablica y transformaci\u00f3n, total o parcial, sin la autorizaci\u00f3n expresa de Eudald Ferr\u00e9 Serra<br \/>. Asimismo, todos los signos distintivos, marcas, nombres comerciales o signos de cualquier tipo contenidos en esta p\u00e1gina web est\u00e1n protegidos por ley.<\/li>\n<li><strong> Condiciones de acceso y utilizaci\u00f3n<\/strong><br \/>El sitio web y sus servicios son de acceso libre y gratuito. El usuario garantiza la autenticidad y actualidad de todos aquellos datos que comuniquen a Eudald Ferr\u00e9 Serra<br \/>y ser\u00e1 el \u00fanico responsable de las manifestaciones falsas o inexactas que realice.<\/li>\n<\/ol>\n<p>El usuario se compromete expresamente a hacer un uso adecuado de los contenidos y servicios de Eudald Ferr\u00e9 Serra<br \/> ya no emplearlos, por, entre otros:<\/p>\n<ol>\n<li>a) Difundir contenidos, delictivos, violentos, pornogr\u00e1ficos, racistas, xen\u00f3fobos, ofensivos, de apolog\u00eda del terrorismo, o, en general, contrarios a la ley o al orden p\u00fablico.<br \/>b) Introducir en la red virus inform\u00e1ticos o realizar\u00e9 actuaciones susceptibles de alterar, estropear, interrumpir o generar errores o da\u00f1os en los documentos electr\u00f3nicos, datos o sistemas f\u00edsicos y l\u00f3gicos de Eudald Ferr\u00e9 Serra<br \/>o de terceras personas; as\u00ed como obstaculizar el acceso de otros usuarios al sitio web y sus servicios mediante el consumo masivo de los recursos inform\u00e1ticos a trav\u00e9s de los cuales EUDALD FERR\u00c9 SERRA presta sus servicios.<br \/>c) Intentar acceder a las cuentas de correo electr\u00f3nico de otros usuarios oa \u00e1reas restringidas de los sistemas inform\u00e1ticos de EUDALD FERR\u00c9 SERRA o de terceros y, en su caso, extraer informaci\u00f3n.<br \/>d) Vulnerar los derechos de la propiedad intelectual o industrial, as\u00ed como violar la confidencialidad de la informaci\u00f3n de EUDALD FERR\u00c9 SERRA o de terceros.<br \/>e) Suplantar la identidad de otro usuario, de las administraciones p\u00fablicas o de un tercero.<br \/>f) Reproducir, copiar, distribuir, poner a disposici\u00f3n de cualquier otra forma de comunicar p\u00fablicamente, transformar o modificar los contenidos, salvo que se cuente con la autorizaci\u00f3n del titular de los correspondientes derechos o ello resulte legalmente permitido.<br \/>g) Recabar datos con finalidad publicitaria y de remitir publicidad de cualquier tipo y comunicaciones con fines de venta u otros de naturaleza comercial sin que intervenga su previa solicitud o consentimiento.<\/li>\n<\/ol>\n<p>Todos los contenidos del sitio web, como textos, fotograf\u00edas, gr\u00e1ficos, im\u00e1genes, iconos, tecnolog\u00eda, software, as\u00ed como su dise\u00f1o gr\u00e1fico y c\u00f3digos fuente, constituyen una obra cuya propiedad pertenece a EUDALD FERR\u00c9 SERRA, sin que puedan entenderse cedidos al usuario ninguno de los derechos de explotaci\u00f3n sobre los mismos m\u00e1s all\u00e1 de lo estrictamente necesario para el correcto uso de la web. En definitiva, los usuarios que accedan a este sitio web pueden visualizar los contenidos y efectuar, en su caso, copias privadas autorizadas siempre que los elementos reproducidos no sean cedidos posteriormente a terceros, ni se instalen en servidores conectados a redes, ni sean objeto de ning\u00fan tipo de explotaci\u00f3n. Sin embargo, todas las marcas, nombres comerciales o signos distintivos de pueda entenderse que el uso o acceso al mismo atribuya al usuario ning\u00fan derecho sobre los mismos. La distribuci\u00f3n, modificaci\u00f3n, cesi\u00f3n o comunicaci\u00f3n p\u00fablica de los contenidos y cualquier otro acto que no haya sido expresamente autorizado por el titular de los derechos de explotaci\u00f3n quedan prohibidos.<\/p>\n<p>El establecimiento de un hiperv\u00ednculo no implica en ning\u00fan caso la existencia de relaciones entre EUDALD FERR\u00c9 SERRA y el propietario del sitio web en la que se establezca, ni la aceptaci\u00f3n y aprobaci\u00f3n por parte de EUDALD FERR\u00c9 SERRA de sus contenidos o servicios. Aquellas personas que se propongan establecer un hiperv\u00ednculo previamente tendr\u00e1n que solicitar autorizaci\u00f3n por escrito a EUDALD FERR\u00c9 SERRA. En cualquier caso, el hiperv\u00ednculo \u00fanicamente permitir\u00e1 el acceso a la home-page o p\u00e1gina de inicio de nuestro sitio web, sin embargo deber\u00e1 abstenerse de realizar manifestaciones e indicaciones falsas, inexactas o incorrectas sobre EUDALD FERR\u00c9 SERRA, o incluir contenidos il\u00edcitos, contrarios a las buenas costumbres y al orden p\u00fablico.<\/p>\n<p>EUDALD FERR\u00c9 SERRA no se responsabiliza del uso que cada usuario le d\u00e9 a los materiales puestos a disposici\u00f3n en este sitio web ni de las actuaciones que realice en base a los mismos.<\/p>\n<ol start=\"4\">\n<li><strong> Exclusi\u00f3n de garant\u00edas y de responsabilidad<\/strong><br \/>El contenido del presente sitio web es de car\u00e1cter general y tiene una finalidad meramente informativa, sin que garantice plenamente el acceso a todos los contenidos, ni su exhaustividad, correcci\u00f3n, vigencia o actualidad, ni su idoneidad o utilidad por un objetivo espec\u00edfico.<\/li>\n<\/ol>\n<p>EUDALD FERR\u00c9 SERRA excluye, hasta donde permite el ordenamiento jur\u00eddico, cualquier responsabilidad por los da\u00f1os y perjuicios de toda naturaleza derivados de:<br \/>a) La imposibilidad de acceso al sitio web o la falta de veracidad, exactitud, exhaustividad y\/o actualidad de los contenidos, as\u00ed como la existencia de vicios y defectos de todo tipo de contenidos transmitidos, difundidos, almacenados, puestos a disposici\u00f3n a los que se haya accedido a trav\u00e9s del sitio web o de los servicios que se ofrecen.<br \/>b) La presencia de virus u otros elementos en los contenidos que puedan producir alteraciones de los sistemas inform\u00e1ticos, documentos electr\u00f3nicos o datos de los usuarios.<br \/>c) El incumplimiento de las leyes, la buena fe, el orden p\u00fablico, los usos de tr\u00e1fico y el presente aviso legal como consecuencia del uso incorrecto del sitio web. En particular, ya modo ejemplificador, EUDALD FERR\u00c9 SERRA no se hace responsable de las actuaciones de terceros que vulneran derechos de propiedad intelectual e industrial, secretos empresariales, derechos al honor, a la intimidad personal y familiar ya la propia imagen, as\u00ed como la normativa en materia de competencia desleal y publicidad il\u00edcita.<\/p>\n<p>Asimismo, EUDALD FERR\u00c9 SERRA declina cualquier responsabilidad respecto a la informaci\u00f3n que se encuentre fuera de esta web y no sea gestionada directamente por nuestro webmaster. La funci\u00f3n de los links que aparecen en esta web es exclusivamente la de informar al usuario sobre la existencia de otras fuentes susceptibles de ampliar los contenidos que ofrece este sitio web. EUDALD FERR\u00c9 SERRA no garantiza ni se responsabiliza del funcionamiento o accesibilidad de los sitios enlazados; ni sugiere, invita o recomienda la visita de los mismos, por lo que tampoco ser\u00e1 responsable del resultado obtenido. EUDALD FERR\u00c9 SERRA no se responsabiliza del establecimiento de hiperv\u00ednculos por parte de terceros.<\/p>\n<ol start=\"5\">\n<li><strong> Pol\u00edtica de privacidad<\/strong><br \/>De acuerdo con el Reglamento Europeo 2016\/679 general de protecci\u00f3n de datos (GDRP); la Ley 34\/2002, de 11 de julio, de servicios de la sociedad de la informaci\u00f3n y comercio electr\u00f3nico; Ley Org\u00e1nica 15\/1999, de 13 de diciembre, de Protecci\u00f3n de Datos de Car\u00e1cter Personal, el Real Decreto 1720\/2007, de 21 de diciembre, y Ley Org\u00e1nica 3\/2018, de 5 de diciembre, de Protecci\u00f3n de Datos Personales y garant\u00eda de los derechos digitales LOPD GDD, le informamos<br \/>Cuando precisamos obtener informaci\u00f3n por su parte, siempre le solicitaremos que nos lo proporcione voluntariamente de forma expresa. Los datos recabados a trav\u00e9s de los formularios de recogida de datos del sitio web de otras v\u00edas ser\u00e1n incorporados a un fichero de datos de car\u00e1cter personal debidamente inscrito en el Registro General de Protecci\u00f3n de Datos de la Agencia Espa\u00f1ola de Protecci\u00f3n de Datos y en el Registro interno de Actividades del tratamiento, del que es responsable EUDALD FERR\u00c9 SERRA. Esta entidad tratar\u00e1 los datos de forma confidencial y exclusivamente con la finalidad de ofrecer servicios solicitados, con todas las garant\u00edas legales y de seguridad.<\/li>\n<\/ol>\n<p>EUDALD FERR\u00c9 SERRA se compromete a: no ceder, vender ni compartir los datos con terceros sin su aprobaci\u00f3n expresa, a no utilizar estos datos para realizar an\u00e1lisis de perfiles (decisiones individualizadas).<\/p>\n<p>Asimismo, EUDALD FERR\u00c9 SERRA cancelar\u00e1 o rectificar\u00e1 los datos cuando resulten inexactos, incompletos o hayan dejado de ser necesarios o pertinentes para su finalidad, de conformidad con lo previsto en la normativa indicada.<\/p>\n<p>El usuario podr\u00e1 revocar el consentimiento prestado y ejercer los derechos de acceso, rectificaci\u00f3n, cancelaci\u00f3n, supresi\u00f3n, portabilidad y oposici\u00f3n dirigi\u00e9ndose por escrito a: EUDALD FERR\u00c9 SERRA en Carrera de Montblanc Km 22, o bien mediante el correo electr\u00f3nico eudaldf@gmail.com identific\u00e1ndose debidamente e indicando.<br \/>EUDALD FERR\u00c9 SERRA adopta los correspondientes niveles de seguridad requeridos por la citada Ley Org\u00e1nica 15\/1999 y otras normativas aplicables. Sin embargo, no asume ninguna responsabilidad por los da\u00f1os y perjuicios derivados de alteraciones que terceros pueden causar en los sistemas inform\u00e1ticos, documentos electr\u00f3nicos o ficheros del usuario.<\/p>\n<p><strong>5.1. Pol\u00edtica de privacidad y protecci\u00f3n de datos para formularios de contacto<\/strong><br \/>De acuerdo con lo establecido por la Ley Org\u00e1nica 15\/1999, de 13 de diciembre, de Protecci\u00f3n de Datos de Car\u00e1cter Personal (LOPD), consiente que los datos facilitados en el formulario sean incorporados a un fichero del que es titular EUDALD FERR\u00c9 SERRA con el fin de:<\/p>\n<p>-La tramitaci\u00f3n y gesti\u00f3n de la solicitud de informaci\u00f3n, contrato o pre-contrato realizado por el usuario mediante esta web, tel\u00e9fono, correo postal o correo electr\u00f3nico.<br \/>-La gesti\u00f3n y control peri\u00f3dico de los servicios ofrecidos por los medios antes mencionados.<br \/>-El env\u00edo de informaci\u00f3n comercial sobre servicios y productos de EUDALD FERR\u00c9 SERRA, empresas del grupo y filiales pudieran ofrecer al usuario de esta web.<\/p>\n<p>La cumplimentaci\u00f3n de todos los datos personales facilitados es totalmente voluntaria, pero necesaria para la gesti\u00f3n de su solicitud y el usuario se hace responsable sobre su veracidad y exactitud.<\/p>\n<p>El usuario consiente que sus datos sean cedidos, exclusivamente para los fines indicados anteriormente, a otras entidades pertenecientes al grupo de empresas de Eudald Ferr\u00e9 Serra, filiales y participadas, as\u00ed como a otras personas f\u00edsicas o jur\u00eddicas que, sin embargo, desarrollan cualesquiera de las referidas actividades y con las que las diversas entidades de las empresas mencionan. Todo esto tanto si se formalizara o no alguna operaci\u00f3n.<\/p>\n<p>Asimismo, el usuario declara haber sido informado de la posibilidad de ejercer los derechos de acceso, rectificaci\u00f3n, supresi\u00f3n, limitaci\u00f3n del tratamiento, portabilidad de los datos, oposici\u00f3n, a no ser objeto de decisiones individuales y automatizadas de mis datos, mediante comunicaci\u00f3n escrita dirigida a: Eudald Ferr\u00e9 Serra, Carrera de Montblanc Km 22, o bien mediante correo. debidamente.<\/p>\n<p>Si prefiere no recibir estos mensajes por correo electr\u00f3nico le ofrecemos a trav\u00e9s de los mismos la posibilidad de ejercer su derecho de cancelaci\u00f3n y renuncia a la recepci\u00f3n de estos mensajes, de conformidad con lo dispuesto en el T\u00edtulo III, art\u00edculo 22 de la Ley 34\/2002 de Servicios para la Sociedad de la Informaci\u00f3n y de Comercio Electr\u00f3nico y dem\u00e1s normativa indicada.<\/p>\n<ol start=\"6\">\n<li><strong> Publicaciones<\/strong><br \/>La informaci\u00f3n administrativa facilitada a trav\u00e9s del sitio web no sustituye a la publicidad legal de las leyes, normativas, planes, disposiciones generales y actas que deban ser publicados formalmente en los diarios oficiales de las administraciones p\u00fablicas, que constituyen el \u00fanico instrumento que da fe de su autenticidad y contenido. La informaci\u00f3n disponible en este sitio web debe entenderse como una gu\u00eda sin prop\u00f3sito de validez legal.<\/li>\n<li><strong> Actualizaci\u00f3n y modificaci\u00f3n de la web<\/strong><br \/>EUDALD FERR\u00c9 SERRA se reserva el rasgo de actualizar, modificar o eliminar la informaci\u00f3n contenida en su web, y su configuraci\u00f3n o presentaci\u00f3n, en cualquier momento, sin previo aviso y sin asumir ninguna responsabilidad por ello, incluyendo este Aviso Legal.<\/li>\n<li><strong> Indicaciones sobre aspecto t\u00e9cnico<\/strong><br \/>EUDALD FERR\u00c9 SERRA no asume ninguna responsabilidad que pueda derivarse de problemas t\u00e9cnicos o errores de los equipos inform\u00e1ticos, no imputables a EUDALD FERR\u00c9 SERRA; que se produzcan durante la conexi\u00f3n a la red de Internet, o que puedan ser causados por terceras personas mediante intromisiones ileg\u00edtimas fuera de su control.<br \/>Tambi\u00e9n queda exonerada de toda responsabilidad frente a posibles da\u00f1os o prejuicios que pueda sufrir el usuario como consecuencia de errores, defectos u omisiones a la informaci\u00f3n que facilita cuando proceda de terceras fuentes.<\/li>\n<li><strong> Aviso sobre la utilizaci\u00f3n de cookies<\/strong><br \/>Consultar este <a href=\"https:\/\/poble-espanyol.com\/ca\/politica-cookies\/\" target=\"_blank\" rel=\"noopener\">v\u00ednculo.<\/a><\/li>\n<li><strong> Legislaci\u00f3n y jurisdicci\u00f3n aplicable<\/strong><br \/>En el cas de que qualsevol usuari o un tercer consideri que existeixen fets o circumst\u00e0ncies que revelen el car\u00e0cter il\u00b7l\u00edcit de la utilitzaci\u00f3 de qualsevol contingut i\/o de la realitzaci\u00f3 de qualsevol activitat a les p\u00e0gines web incloses o accessibles a trav\u00e9s del lloc web, haur\u00e0 d\u2019enviar una notificaci\u00f3 a EUDALD FERR\u00c9 SERRA identificant-se degudament, especificant les suposades infraccions i declarant expressament i sota la seva responsabilitat que la informaci\u00f3 proporcionada a la notificaci\u00f3 \u00e9s exacta.<br \/>Para toda cuesti\u00f3n litigiosa que incumba el sitio web de EUDALD FERR\u00c9 SERRA, ser\u00e1 de aplicaci\u00f3n la legislaci\u00f3n espa\u00f1ola, siendo competentes los Juzgados y Tribunales de TARRAGONA (Espa\u00f1a).<\/li>\n<\/ol>\n<p>Los usuarios de esta web son conscientes de todo lo expuesto y lo aceptan de forma voluntaria.<\/p>\n\t\t\t\t\t\t\t\t<\/div>\n\t\t\t\t<\/div>\n\t\t\t\t\t<\/div>\n\t\t<\/div>\n\t\t\t\t\t<\/div>\n\t\t<\/section>\n\t\t\t\t<\/div>\n\t\t","protected":false},"excerpt":{"rendered":"<p>Aviso legal Esta web ha sido creada por Eudald Ferr\u00e9 Serra. El usuario se obliga a hacer un uso correcto del sitio web de conformidad con las leyes, la buena fe, el orden p\u00fablico, los usos del tr\u00e1fico y el presente Aviso Legal. El usuario responder\u00e1 ante Eudald Ferr\u00e9 Serra o frente a terceros de [&hellip;]<\/p>\n","protected":false},"author":1,"featured_media":0,"parent":0,"menu_order":0,"comment_status":"closed","ping_status":"closed","template":"","meta":{"footnotes":""},"class_list":["post-1544","page","type-page","status-publish","hentry"],"_links":{"self":[{"href":"https:\/\/eudaldferre.cat\/es\/wp-json\/wp\/v2\/pages\/1544","targetHints":{"allow":["GET"]}}],"collection":[{"href":"https:\/\/eudaldferre.cat\/es\/wp-json\/wp\/v2\/pages"}],"about":[{"href":"https:\/\/eudaldferre.cat\/es\/wp-json\/wp\/v2\/types\/page"}],"author":[{"embeddable":true,"href":"https:\/\/eudaldferre.cat\/es\/wp-json\/wp\/v2\/users\/1"}],"replies":[{"embeddable":true,"href":"https:\/\/eudaldferre.cat\/es\/wp-json\/wp\/v2\/comments?post=1544"}],"version-history":[{"count":1,"href":"https:\/\/eudaldferre.cat\/es\/wp-json\/wp\/v2\/pages\/1544\/revisions"}],"predecessor-version":[{"id":1546,"href":"https:\/\/eudaldferre.cat\/es\/wp-json\/wp\/v2\/pages\/1544\/revisions\/1546"}],"wp:attachment":[{"href":"https:\/\/eudaldferre.cat\/es\/wp-json\/wp\/v2\/media?parent=1544"}],"curies":[{"name":"wp","href":"https:\/\/api.w.org\/{rel}","templated":true}]}}